{"id":12,"date":"2022-03-08T13:08:47","date_gmt":"2022-03-08T13:08:47","guid":{"rendered":"https:\/\/salenvac.cl\/?page_id=12"},"modified":"2022-05-18T21:37:13","modified_gmt":"2022-05-18T21:37:13","slug":"nuestros-servicios","status":"publish","type":"page","link":"https:\/\/salenvac.cl\/index.php\/nuestros-servicios\/","title":{"rendered":"Nuestros Servicios"},"content":{"rendered":"<div id=\"pl-12\"  class=\"panel-layout\" ><div id=\"pg-12-0\"  class=\"panel-grid panel-no-style\" ><div id=\"pgc-12-0-0\"  class=\"panel-grid-cell\" ><div id=\"panel-12-0-0-0\" class=\"so-panel widget widget_siteorigin-panels-builder panel-first-child panel-last-child\" data-index=\"0\" ><div id=\"pl-w62856709189cf\"  class=\"panel-layout\" ><div id=\"pg-w62856709189cf-0\"  class=\"panel-grid panel-no-style\" ><div id=\"pgc-w62856709189cf-0-0\"  class=\"panel-grid-cell\" ><div id=\"panel-w62856709189cf-0-0-0\" class=\"so-panel widget widget_text panel-first-child panel-last-child\" data-index=\"0\" >\t\t\t<div class=\"textwidget\"><\/div>\n\t\t<\/div><\/div><\/div><div id=\"pg-w62856709189cf-1\"  class=\"panel-grid panel-no-style\" ><div id=\"pgc-w62856709189cf-1-0\"  class=\"panel-grid-cell\" ><div id=\"panel-w62856709189cf-1-0-0\" class=\"so-panel widget panel-first-child panel-last-child\" data-index=\"1\" ><\/div><\/div><div id=\"pgc-w62856709189cf-1-1\"  class=\"panel-grid-cell\" ><div id=\"panel-w62856709189cf-1-1-0\" class=\"so-panel widget widget_text panel-first-child panel-last-child\" data-index=\"2\" ><h3 class=\"widget-title\">PCR Y ANTIGENO COVID-19<\/h3>\t\t\t<div class=\"textwidget\"><ul>\n<li><em><strong>Toma de PCR Nasofar\u00edngeo Covid-19, detecta la presencia del virus SARS COV-2 activo en nuestro organismo. Toma de muestra por Hisopado Nasofar\u00edngeo. Tiempo de resultado en 12 a 24 horas.<\/strong><\/em><\/li>\n<li><em><b>Test r\u00e1pido de Antigeno Covid-19<\/b> <b>detecta la presencia\u00a0 infecci\u00f3n\u00a0activa de la prote\u00edna \u00a0SARS COV-2 activa en nuestro organismo. <strong> Toma de muestra por Hisopado Nasofar\u00edngeo. Tiempo de resultado en 15 minutos, validados por\u00a0 ISP (Autoridad Chilena) y de FDA (Autoridad Norteamericana).<\/strong><\/b><\/em><\/li>\n<\/ul>\n<\/div>\n\t\t<\/div><\/div><\/div><div id=\"pg-w62856709189cf-2\"  class=\"panel-grid panel-no-style\" ><div id=\"pgc-w62856709189cf-2-0\"  class=\"panel-grid-cell\" ><div id=\"panel-w62856709189cf-2-0-0\" class=\"so-panel widget widget_text panel-first-child panel-last-child\" data-index=\"3\" ><h3 class=\"widget-title\">TEST R\u00c1PIDO DE ANTICUERPOS EN SANGRE CAPILAR<\/h3>\t\t\t<div class=\"textwidget\"><p><strong><em>Los test\u00a0 r\u00e1pidos de anticuerpos en sangre capilar miden de manera cuantitativa la cantidad de anticuerpos (prote\u00edna producida por le sistema inmunitario) producidos por la infecci\u00f3n del virus. Detecta existe \u00a0presencia de anticuerpos IGG e IGM por separado, no la cantidad de cada uno. tiempo de resultado 15 minutos.<br \/>\n<\/em><\/strong><strong><em>Validados y autorizados por\u00a0 el ISP (Autoridad Chilena) y de FDA (Autoridad Norteamericana).<\/em><\/strong><\/p>\n<\/div>\n\t\t<\/div><\/div><div id=\"pgc-w62856709189cf-2-1\"  class=\"panel-grid-cell\" ><div id=\"panel-w62856709189cf-2-1-0\" class=\"so-panel widget panel-first-child panel-last-child\" data-index=\"4\" ><\/div><\/div><\/div><div id=\"pg-w62856709189cf-3\"  class=\"panel-grid panel-no-style\" ><div id=\"pgc-w62856709189cf-3-0\"  class=\"panel-grid-cell panel-grid-cell-empty\" ><\/div><\/div><div id=\"pg-w62856709189cf-4\"  class=\"panel-grid panel-no-style\" ><div id=\"pgc-w62856709189cf-4-0\"  class=\"panel-grid-cell\" ><div id=\"panel-w62856709189cf-4-0-0\" class=\"so-panel widget panel-first-child panel-last-child\" data-index=\"5\" ><\/div><\/div><div id=\"pgc-w62856709189cf-4-1\"  class=\"panel-grid-cell\" ><div id=\"panel-w62856709189cf-4-1-0\" class=\"so-panel widget widget_text panel-first-child panel-last-child\" data-index=\"6\" ><h3 class=\"widget-title\">VACUNATORIO<\/h3>\t\t\t<div class=\"textwidget\"><p><em><strong>En SALENVAC contamos con una Sala de Inmunizaciones, donde podr\u00e1s acceder a vacunas particulares para pacientes adultos.\u00a0<\/strong><\/em><br \/>\n<em><b>Vacunas contra Influenza, Hepatitis A, Hepatitis B, T\u00e9tanos, Difteria y Tos Convulsiva. Se realiza entrega de carnet para respaldo de inmunizaci\u00f3n.<br \/>\n<\/b><strong>Inmunizaciones en Instalaciones SALENVAC y a Domicilio.<br \/>\n<\/strong><\/em><\/p>\n<p><em><strong>Convenios con Instituciones y Empresas.<\/strong><\/em><\/p>\n<\/div>\n\t\t<\/div><\/div><\/div><div id=\"pg-w62856709189cf-5\"  class=\"panel-grid panel-no-style\" ><div id=\"pgc-w62856709189cf-5-0\"  class=\"panel-grid-cell\" ><div id=\"panel-w62856709189cf-5-0-0\" class=\"so-panel widget widget_text panel-first-child panel-last-child\" data-index=\"7\" ><h3 class=\"widget-title\">EXAMENES DE LABORATORIO<\/h3>\t\t\t<div class=\"textwidget\"><p><em><strong>SALENVAC es una Sala Externa de Toma de Muestras dependiente del Laboratorio Centro de Diagnostico, San Felipe. Nuestra sala cuenta con TENS con t\u00e9cnicas y equipamientos del m\u00e1s alto nivel, lo que les permite garantizar procedimientos seguros y resultados precisos.<\/strong><\/em><br \/>\n<em><strong>En nuestra Unidad de Tomas de Muestras SALENVAC podr\u00e1s acceder a un extenso men\u00fa de ex\u00e1menes, orientados a pacientes ambulatorios, con los m\u00e1s altos est\u00e1ndares de calidad, y equipados con avanzada tecnolog\u00eda\u00a0de la mejor calidad.<\/strong><\/em><\/p>\n<\/div>\n\t\t<\/div><\/div><div id=\"pgc-w62856709189cf-5-1\"  class=\"panel-grid-cell\" ><div id=\"panel-w62856709189cf-5-1-0\" class=\"so-panel widget panel-first-child panel-last-child\" data-index=\"8\" ><\/div><\/div><\/div><div id=\"pg-w62856709189cf-6\"  class=\"panel-grid panel-no-style\" ><div id=\"pgc-w62856709189cf-6-0\"  class=\"panel-grid-cell\" ><div id=\"panel-w62856709189cf-6-0-0\" class=\"so-panel widget widget_text panel-first-child panel-last-child\" data-index=\"9\" ><h3 class=\"widget-title\">TRATAMIENTO INYECTABLE<\/h3>\t\t\t<div class=\"textwidget\"><p><em><strong>SALENVAC entrega servicios de tratamientos Intramusculares, Sub-cut\u00e1neos y Endovenosos con previa prescripci\u00f3n medica. Servicio a Domicilio y en nuestras instalaciones.<\/strong><\/em><\/p>\n<\/div>\n\t\t<\/div><\/div><div id=\"pgc-w62856709189cf-6-1\"  class=\"panel-grid-cell\" ><div id=\"panel-w62856709189cf-6-1-0\" class=\"so-panel widget panel-first-child panel-last-child\" data-index=\"10\" ><\/div><\/div><\/div><div id=\"pg-w62856709189cf-7\"  class=\"panel-grid panel-no-style\" ><div id=\"pgc-w62856709189cf-7-0\"  class=\"panel-grid-cell\" ><div id=\"panel-w62856709189cf-7-0-0\" class=\"so-panel widget panel-first-child panel-last-child\" data-index=\"11\" ><\/div><\/div><div id=\"pgc-w62856709189cf-7-1\"  class=\"panel-grid-cell\" ><div id=\"panel-w62856709189cf-7-1-0\" class=\"so-panel widget widget_text panel-first-child panel-last-child\" data-index=\"12\" ><h3 class=\"widget-title\">ARRIENDO CAMA CLINICA<\/h3>\t\t\t<div class=\"textwidget\"><p>Nuestra Cama Cl\u00ednica ha sido dise\u00f1ada especialmente para facilitar el cuidado de los pacientes, entregando una gran comodidad, adem\u00e1s de favorecer el descanso y la recuperaci\u00f3n.<\/p>\n<p>Cuenta con control remoto de\u00a0<b>cinco funciones\u00a0<\/b>con\u00a0<b>panel de f\u00e1cil uso\u00a0<\/b>y mecanismo de\u00a0<b>accionar suave,\u00a0<\/b>para obtener m\u00e1ximo control sobre el ajuste de las\u00a0<b>posiciones regulables<\/b>. Se puede ajustar el\u00a0<b>respaldo\u00a0<\/b>entre 0 y 85 grados, la posici\u00f3n de las\u00a0<b>piernas\u00a0<\/b>entre 0 y 45 grados, la\u00a0<b>altura\u00a0<\/b>entre 43 y 72 cent\u00edmetros, adem\u00e1s de la funci\u00f3n que regula el\u00a0<b>respaldo y las piernas a la vez<\/b>, y, por \u00faltimo, la quinta funci\u00f3n que\u00a0<b>regula la inclinaci\u00f3n trendelemburg y trendelemburg inversa\u00a0<\/b>a 15\u00b0+-2 grados.<\/p>\n<p>Posee\u00a0<b>barandas de PP lavables, removibles y f\u00e1cilmente ajustables<\/b>, las cuales brindan seguridad insuperable al usuario, al mismo tiempo que permiten su traslado y transferencia de manera c\u00f3moda y pr\u00e1ctica, facilitando la cotidianidad del paciente y del cuidador.<\/p>\n<p>Cuenta con las nuevas\u00a0<b>ruedas silenciosas premium de 5\u201d\u00a0<\/b>de gran movilidad con\u00a0<b>sistema de frenos<\/b>, que brindan un desplazamiento fluido, seguro y bajo control en cualquier situaci\u00f3n. Cuenta adem\u00e1s con\u00a0<b>cabecera y piecera lavables, f\u00e1cilmente desmontables<\/b>, lo que simplifica de manera significativa las labores de limpieza.<\/p>\n<p>Ha sido fabricada en estructura de acero\u00a0<b>reforzado\u00a0<\/b>de alta resistencia, junto a componentes de primera calidad, entregando un\u00a0<b>soporte m\u00e1ximo de 130 kilogramos. Incluye Porta suero\u00a0<\/b>y<b>\u00a04 ganchos para bolsas de orina<\/b>.<\/p>\n<p>Para facilitar la tarea del cuidador,\u00a0<b>no requiere herramientas especiales para su instalaci\u00f3n\u00a0<\/b>y puede ser montada r\u00e1pida y f\u00e1cilmente al sacarla del embalaje, sin necesidad de personal especializado. Incluye manual de uso y funcionamiento.<b>\u00a0<\/b><\/p>\n<p>Cuenta con certificaci\u00f3n de\u00a0<b>calidad europea (CE), FDA (USA), ISO 9001 e ISO 13485\u00a0<\/b>e incluye\u00a0<b>12 meses de garant\u00eda<\/b>, servicio t\u00e9cnico propio y todo el respaldo de First Care.<\/p>\n<\/div>\n\t\t<\/div><\/div><\/div><div id=\"pg-w62856709189cf-8\"  class=\"panel-grid panel-no-style\" ><div id=\"pgc-w62856709189cf-8-0\"  class=\"panel-grid-cell\" ><div id=\"panel-w62856709189cf-8-0-0\" class=\"so-panel widget panel-first-child panel-last-child\" data-index=\"13\" ><\/div><\/div><div id=\"pgc-w62856709189cf-8-1\"  class=\"panel-grid-cell\" ><div id=\"panel-w62856709189cf-8-1-0\" class=\"so-panel widget panel-first-child panel-last-child\" data-index=\"14\" ><\/div><\/div><\/div><div id=\"pg-w62856709189cf-9\"  class=\"panel-grid panel-no-style\" ><div id=\"pgc-w62856709189cf-9-0\"  class=\"panel-grid-cell\" ><div id=\"panel-w62856709189cf-9-0-0\" class=\"so-panel widget widget_text panel-first-child\" data-index=\"15\" ><h3 class=\"widget-title\">CONTROL DE PRESI\u00d3N ARTERIAL Y GLICEMIA<\/h3>\t\t\t<div class=\"textwidget\"><p><em><strong>Se realizan controles de Presi\u00f3n Arterial y de Glicemia Capilar en sangre. Controles seriados en domicilio o en nuestras instalaciones.<\/strong><\/em><\/p>\n<\/div>\n\t\t<\/div><div id=\"panel-w62856709189cf-9-0-1\" class=\"so-panel widget panel-last-child\" data-index=\"16\" ><\/div><\/div><div id=\"pgc-w62856709189cf-9-1\"  class=\"panel-grid-cell\" ><div id=\"panel-w62856709189cf-9-1-0\" class=\"so-panel widget panel-first-child panel-last-child\" data-index=\"17\" ><\/div><\/div><\/div><div id=\"pg-w62856709189cf-10\"  class=\"panel-grid panel-no-style\" ><div id=\"pgc-w62856709189cf-10-0\"  class=\"panel-grid-cell panel-grid-cell-empty panel-grid-cell-mobile-last\" ><\/div><div id=\"pgc-w62856709189cf-10-1\"  class=\"panel-grid-cell panel-grid-cell-empty\" ><\/div><\/div><div id=\"pg-w62856709189cf-11\"  class=\"panel-grid panel-no-style\" ><div id=\"pgc-w62856709189cf-11-0\"  class=\"panel-grid-cell panel-grid-cell-empty\" ><\/div><div id=\"pgc-w62856709189cf-11-1\"  class=\"panel-grid-cell\" ><div id=\"panel-w62856709189cf-11-1-0\" class=\"so-panel widget panel-first-child panel-last-child\" data-index=\"18\" ><\/div><\/div><\/div><div id=\"pg-w62856709189cf-12\"  class=\"panel-grid panel-no-style\" ><div id=\"pgc-w62856709189cf-12-0\"  class=\"panel-grid-cell panel-grid-cell-mobile-last\" ><div id=\"panel-w62856709189cf-12-0-0\" class=\"so-panel widget panel-first-child panel-last-child\" data-index=\"19\" ><\/div><\/div><div id=\"pgc-w62856709189cf-12-1\"  class=\"panel-grid-cell panel-grid-cell-empty\" ><\/div><\/div><\/div><\/div><\/div><\/div><\/div>","protected":false},"excerpt":{"rendered":"<p>PCR Y ANTIGENO COVID-19 Toma de PCR Nasofar\u00edngeo Covid-19, detecta la presencia del virus SARS COV-2 activo en nuestro organismo. Toma de muestra por Hisopado Nasofar\u00edngeo. Tiempo de resultado en 12 a 24 horas. Test r\u00e1pido de Antigeno Covid-19 detecta la presencia\u00a0 infecci\u00f3n\u00a0activa de la prote\u00edna \u00a0SARS COV-2 activa en nuestro organismo. Toma de muestra por Hisopado Nasofar\u00edngeo. Tiempo de resultado en 15 minutos, validados por\u00a0 ISP (Autoridad Chilena) y de FDA (Autoridad Norteamericana). TEST R\u00c1PIDO DE ANTICUERPOS EN SANGRE CAPILAR Los test\u00a0 r\u00e1pidos de anticuerpos en sangre capilar miden de manera cuantitativa la cantidad de anticuerpos (prote\u00edna producida por le sistema inmunitario) producidos por la infecci\u00f3n del virus. Detecta existe \u00a0presencia de anticuerpos IGG e IGM por separado, no la cantidad de cada uno. tiempo de resultado 15 minutos. Validados y autorizados por\u00a0 el ISP (Autoridad Chilena) y de FDA (Autoridad Norteamericana). VACUNATORIO En SALENVAC contamos con una Sala&hellip;<\/p>\n<p> <a class=\"more-link\" href=\"https:\/\/salenvac.cl\/index.php\/nuestros-servicios\/\">Leer m\u00e1s<\/a><\/p>\n","protected":false},"author":1,"featured_media":0,"parent":0,"menu_order":0,"comment_status":"closed","ping_status":"closed","template":"","meta":{"footnotes":""},"class_list":["post-12","page","type-page","status-publish"],"_links":{"self":[{"href":"https:\/\/salenvac.cl\/index.php\/wp-json\/wp\/v2\/pages\/12","targetHints":{"allow":["GET"]}}],"collection":[{"href":"https:\/\/salenvac.cl\/index.php\/wp-json\/wp\/v2\/pages"}],"about":[{"href":"https:\/\/salenvac.cl\/index.php\/wp-json\/wp\/v2\/types\/page"}],"author":[{"embeddable":true,"href":"https:\/\/salenvac.cl\/index.php\/wp-json\/wp\/v2\/users\/1"}],"replies":[{"embeddable":true,"href":"https:\/\/salenvac.cl\/index.php\/wp-json\/wp\/v2\/comments?post=12"}],"version-history":[{"count":14,"href":"https:\/\/salenvac.cl\/index.php\/wp-json\/wp\/v2\/pages\/12\/revisions"}],"predecessor-version":[{"id":33,"href":"https:\/\/salenvac.cl\/index.php\/wp-json\/wp\/v2\/pages\/12\/revisions\/33"}],"wp:attachment":[{"href":"https:\/\/salenvac.cl\/index.php\/wp-json\/wp\/v2\/media?parent=12"}],"curies":[{"name":"wp","href":"https:\/\/api.w.org\/{rel}","templated":true}]}}