{"id":10,"date":"2022-03-08T13:08:07","date_gmt":"2022-03-08T13:08:07","guid":{"rendered":"https:\/\/salenvac.cl\/?page_id=10"},"modified":"2023-10-03T14:51:22","modified_gmt":"2023-10-03T14:51:22","slug":"quienes-somos","status":"publish","type":"page","link":"https:\/\/salenvac.cl\/index.php\/quienes-somos\/","title":{"rendered":"Quienes Somos"},"content":{"rendered":"<div id=\"pl-10\" class=\"panel-layout\">\n<div id=\"pg-10-0\" class=\"panel-grid panel-no-style\">\n<div id=\"pgc-10-0-0\" class=\"panel-grid-cell\" data-weight=\"1\">\n<div id=\"panel-10-0-0-0\" class=\"so-panel widget widget_siteorigin-panels-builder panel-first-child panel-last-child\" data-index=\"0\" data-style=\"{&quot;background_image_attachment&quot;:false,&quot;background_display&quot;:&quot;tile&quot;}\">\n<div id=\"pl-w62275d259171a\" class=\"panel-layout\">\n<div id=\"pg-w62275d259171a-0\" class=\"panel-grid panel-no-style\">\n<div id=\"pgc-w62275d259171a-0-0\" class=\"panel-grid-cell\" data-weight=\"1\">\n<div id=\"panel-w62275d259171a-0-0-0\" class=\"so-panel widget widget_sow-image panel-first-child\" data-index=\"0\" data-style=\"{&quot;background_image_attachment&quot;:false,&quot;background_display&quot;:&quot;tile&quot;}\"><\/em><\/div>\n<div id=\"panel-w62275d259171a-0-0-1\" class=\"so-panel widget widget_text panel-last-child\" data-index=\"1\" data-style=\"{&quot;background_image_attachment&quot;:false,&quot;background_display&quot;:&quot;tile&quot;}\">\n<blockquote>\n<h1 class=\"widget-title\" style=\"text-align: center;\"><span style=\"color: #000080;\"><em>QUIENES SOMOS<\/em><\/span><\/h1>\n<\/blockquote>\n<p style=\"text-align: center; padding-left: 40px;\"><span style=\"color: #000080;\">SALENVAC es una Sala Externa de Toma de Muestras e Inmunizaciones contamos con TENS capacitados para desempe\u00f1arse dentro de nuestras instalaciones. Nuestra prioridad son los pacientes, por ello nos esforzamos d\u00eda a d\u00eda para brindarles una mejor atenci\u00f3n, respetuosa, oportuna, amable y de calidad disminuyendo los tiempos de espera en nuestros servicios. Contamos con instalaciones en El Canuto #855, San Esteban y Avenida Argentina 17 Oriente, Edificio Viracocha Sala 203. Realizamos Servicios a Domicilio y cuando se requiere en las instalaciones propias de nuestros clientes a nivel NACIONAL y PROVINCIAL.<\/span><\/p>\n<p style=\"text-align: center; padding-left: 40px;\"><span style=\"color: #000080;\">Personal altamente calificados que dar\u00e1n soluci\u00f3n oportuna y eficaz a los requerimientos cl\u00ednicos, emocionales y personales de cada paciente o trabajador. Liderando el grupo me encuentro realizando gesti\u00f3n, administraci\u00f3n y finanzas.<\/span><\/p>\n<div class=\"textwidget\">\n<p style=\"text-align: center;\">\n<\/div>\n<\/div>\n<\/div>\n<\/div>\n<\/div>\n<\/div>\n<\/div>\n<\/div>\n<\/div>\n","protected":false},"excerpt":{"rendered":"<p>QUIENES SOMOS SALENVAC es una Sala Externa de Toma de Muestras e Inmunizaciones contamos con TENS capacitados para desempe\u00f1arse dentro de nuestras instalaciones. Nuestra prioridad son los pacientes, por ello nos esforzamos d\u00eda a d\u00eda para brindarles una mejor atenci\u00f3n, respetuosa, oportuna, amable y de calidad disminuyendo los tiempos de espera en nuestros servicios. Contamos con instalaciones en El Canuto #855, San Esteban y Avenida Argentina 17 Oriente, Edificio Viracocha Sala 203. Realizamos Servicios a Domicilio y cuando se requiere en las instalaciones propias de nuestros clientes a nivel NACIONAL y PROVINCIAL. Personal altamente calificados que dar\u00e1n soluci\u00f3n oportuna y eficaz a los requerimientos cl\u00ednicos, emocionales y personales de cada paciente o trabajador. Liderando el grupo me encuentro realizando gesti\u00f3n, administraci\u00f3n y finanzas.<\/p>\n","protected":false},"author":1,"featured_media":490,"parent":0,"menu_order":0,"comment_status":"closed","ping_status":"closed","template":"page-templates\/template-pagebuilder-full-width.php","meta":{"footnotes":""},"class_list":["post-10","page","type-page","status-publish","has-post-thumbnail"],"_links":{"self":[{"href":"https:\/\/salenvac.cl\/index.php\/wp-json\/wp\/v2\/pages\/10","targetHints":{"allow":["GET"]}}],"collection":[{"href":"https:\/\/salenvac.cl\/index.php\/wp-json\/wp\/v2\/pages"}],"about":[{"href":"https:\/\/salenvac.cl\/index.php\/wp-json\/wp\/v2\/types\/page"}],"author":[{"embeddable":true,"href":"https:\/\/salenvac.cl\/index.php\/wp-json\/wp\/v2\/users\/1"}],"replies":[{"embeddable":true,"href":"https:\/\/salenvac.cl\/index.php\/wp-json\/wp\/v2\/comments?post=10"}],"version-history":[{"count":8,"href":"https:\/\/salenvac.cl\/index.php\/wp-json\/wp\/v2\/pages\/10\/revisions"}],"predecessor-version":[{"id":492,"href":"https:\/\/salenvac.cl\/index.php\/wp-json\/wp\/v2\/pages\/10\/revisions\/492"}],"wp:featuredmedia":[{"embeddable":true,"href":"https:\/\/salenvac.cl\/index.php\/wp-json\/wp\/v2\/media\/490"}],"wp:attachment":[{"href":"https:\/\/salenvac.cl\/index.php\/wp-json\/wp\/v2\/media?parent=10"}],"curies":[{"name":"wp","href":"https:\/\/api.w.org\/{rel}","templated":true}]}}